{"id":69,"date":"2020-01-16T21:44:56","date_gmt":"2020-01-16T20:44:56","guid":{"rendered":"https:\/\/www.capnot.site\/?page_id=69"},"modified":"2020-11-18T12:11:03","modified_gmt":"2020-11-18T11:11:03","slug":"audit-immobilier","status":"publish","type":"page","link":"https:\/\/www.capnot.fr\/en\/audit-immobilier\/","title":{"rendered":"Audit immobilier"},"content":{"rendered":"\n<div class=\"wp-block-columns is-layout-flex wp-container-core-columns-is-layout-9d6595d7 wp-block-columns-is-layout-flex\">\n<div class=\"wp-block-column is-layout-flow wp-block-column-is-layout-flow\">\n<p align=\"justify\">Given the fact that a notarial office, even if it is of significant size, isn\u2019t necessarily promptly able to work on complex projects (housing stock audits, transfers of real estate portfolios with numerous assets, etc.), CAPNOT has developed a common software for real estate audits which enables CAPNOT\u2019s members to answer in a collegial and collaborative manner with rigor and effectiveness to complex inquiries : <em>CAPNOT\u2019IMMO.<\/em><\/p>\n\n\n\n<p align=\"justify\">Regardless of the portfolio\u2019s size, CAPNOT\u2019IMMO helps to submit a detailed audit report to the client based on a standard model that analyzes the state of affairs of the different aspects which should be considered. This report is uniformly processed by the network\u2019s 700 notaries and employees.<\/p>\n<\/div>\n\n\n\n<div class=\"wp-block-column is-layout-flow wp-block-column-is-layout-flow\">\n<section class=\"wp-block-image\">\n      <figure class='hexagonal-mask mask-left-wrap'>\n      <div class='border'><\/div>\n      <img decoding=\"async\" src=\"https:\/\/www.capnot.fr\/wp-content\/uploads\/2020\/06\/audit-immobilier-logiciel.jpg\" alt=\"Audit immobilier notarial\" \/>\n    <\/figure>\n  <\/section>\n<\/div>\n<\/div>\n\n\n\n<p align=\"justify\">In order to ensure the audit\u2019s quality, CAPNOT created this software in collaboration with the scientific support of Hugues P\u00e9rinet-Marquet, Professor at the University of Paris II Panth\u00e9on-Assas. The software is entirely mastered by the network which updates the audit regularly and which is, consequently, able to personalize the audit\u2019s report in the necessary extent. <br><br>The real estate audit equally helps to centralize the project\u2019s legal documentation by using an online data-room which can also be accessed and updated by the client, who is, thus, participating in the Building Information Modeling process (BIM).<br><br>Furthermore, <a href=\"https:\/\/www.capnot.fr\/en\/innovation\/\">innovative services<\/a> network offers other innovative services in addition to the real estate audit (the interactive system Vente Notariale Interactive, etc.).<\/p>\n","protected":false},"excerpt":{"rendered":"<p>Given the fact that a notarial office, even if it is of significant size, isn\u2019t necessarily promptly able to work on complex projects (housing stock audits, transfers of real estate portfolios with numerous assets, etc.), CAPNOT has developed a common software for real estate audits which enables CAPNOT\u2019s members to answer in a collegial and [&hellip;]<\/p>\n","protected":false},"author":2,"featured_media":0,"parent":0,"menu_order":17,"comment_status":"closed","ping_status":"closed","template":"","meta":{"_acf_changed":false,"footnotes":""},"class_list":["post-69","page","type-page","status-publish","hentry"],"acf":[],"yoast_head":"<!-- This site is optimized with the Yoast SEO plugin v27.0 - https:\/\/yoast.com\/product\/yoast-seo-wordpress\/ -->\n<title>Audit immobilier - CAPNOT<\/title>\n<meta name=\"description\" content=\"Les membres de CAPNOT ont \u00e9labor\u00e9 un logiciel commun d\u2019audit immobilier leur permettant de r\u00e9pondre en conjuguant rigueur, qualit\u00e9 et efficacit\u00e9.\" \/>\n<meta name=\"robots\" content=\"index, follow, max-snippet:-1, max-image-preview:large, max-video-preview:-1\" \/>\n<link rel=\"canonical\" href=\"https:\/\/www.capnot.fr\/audit-immobilier\/\" \/>\n<meta property=\"og:locale\" content=\"en_US\" \/>\n<meta property=\"og:type\" content=\"article\" \/>\n<meta property=\"og:title\" content=\"Audit immobilier - CAPNOT\" \/>\n<meta property=\"og:description\" content=\"Les membres de CAPNOT ont \u00e9labor\u00e9 un logiciel commun d\u2019audit immobilier leur permettant de r\u00e9pondre en conjuguant rigueur, qualit\u00e9 et efficacit\u00e9.\" \/>\n<meta property=\"og:url\" content=\"https:\/\/www.capnot.fr\/audit-immobilier\/\" \/>\n<meta property=\"og:site_name\" content=\"CAPNOT\" \/>\n<meta property=\"article:publisher\" content=\"https:\/\/www.facebook.com\/reseaucapnot\/\" \/>\n<meta property=\"article:modified_time\" content=\"2020-11-18T11:11:03+00:00\" \/>\n<meta name=\"twitter:card\" content=\"summary_large_image\" \/>\n<meta name=\"twitter:label1\" content=\"Est. reading time\" \/>\n\t<meta name=\"twitter:data1\" content=\"1 minute\" \/>\n<script type=\"application\/ld+json\" class=\"yoast-schema-graph\">{\"@context\":\"https:\/\/schema.org\",\"@graph\":[{\"@type\":\"WebPage\",\"@id\":\"https:\/\/www.capnot.fr\/audit-immobilier\/\",\"url\":\"https:\/\/www.capnot.fr\/audit-immobilier\/\",\"name\":\"Audit immobilier - CAPNOT\",\"isPartOf\":{\"@id\":\"https:\/\/www.capnot.fr\/#website\"},\"datePublished\":\"2020-01-16T20:44:56+00:00\",\"dateModified\":\"2020-11-18T11:11:03+00:00\",\"description\":\"Les membres de CAPNOT ont \u00e9labor\u00e9 un logiciel commun d\u2019audit immobilier leur permettant de r\u00e9pondre en conjuguant rigueur, qualit\u00e9 et efficacit\u00e9.\",\"breadcrumb\":{\"@id\":\"https:\/\/www.capnot.fr\/audit-immobilier\/#breadcrumb\"},\"inLanguage\":\"en-US\",\"potentialAction\":[{\"@type\":\"ReadAction\",\"target\":[\"https:\/\/www.capnot.fr\/audit-immobilier\/\"]}]},{\"@type\":\"BreadcrumbList\",\"@id\":\"https:\/\/www.capnot.fr\/audit-immobilier\/#breadcrumb\",\"itemListElement\":[{\"@type\":\"ListItem\",\"position\":1,\"name\":\"Home\",\"item\":\"https:\/\/www.capnot.fr\/\"},{\"@type\":\"ListItem\",\"position\":2,\"name\":\"Audit immobilier\"}]},{\"@type\":\"WebSite\",\"@id\":\"https:\/\/www.capnot.fr\/#website\",\"url\":\"https:\/\/www.capnot.fr\/\",\"name\":\"CAPNOT\",\"description\":\"CAPNOT, l&#039;Expertise Notariale\",\"potentialAction\":[{\"@type\":\"SearchAction\",\"target\":{\"@type\":\"EntryPoint\",\"urlTemplate\":\"https:\/\/www.capnot.fr\/?s={search_term_string}\"},\"query-input\":{\"@type\":\"PropertyValueSpecification\",\"valueRequired\":true,\"valueName\":\"search_term_string\"}}],\"inLanguage\":\"en-US\"}]}<\/script>\n<!-- \/ Yoast SEO plugin. -->","yoast_head_json":{"title":"Audit immobilier - CAPNOT","description":"Les membres de CAPNOT ont \u00e9labor\u00e9 un logiciel commun d\u2019audit immobilier leur permettant de r\u00e9pondre en conjuguant rigueur, qualit\u00e9 et efficacit\u00e9.","robots":{"index":"index","follow":"follow","max-snippet":"max-snippet:-1","max-image-preview":"max-image-preview:large","max-video-preview":"max-video-preview:-1"},"canonical":"https:\/\/www.capnot.fr\/audit-immobilier\/","og_locale":"en_US","og_type":"article","og_title":"Audit immobilier - CAPNOT","og_description":"Les membres de CAPNOT ont \u00e9labor\u00e9 un logiciel commun d\u2019audit immobilier leur permettant de r\u00e9pondre en conjuguant rigueur, qualit\u00e9 et efficacit\u00e9.","og_url":"https:\/\/www.capnot.fr\/audit-immobilier\/","og_site_name":"CAPNOT","article_publisher":"https:\/\/www.facebook.com\/reseaucapnot\/","article_modified_time":"2020-11-18T11:11:03+00:00","twitter_card":"summary_large_image","twitter_misc":{"Est. reading time":"1 minute"},"schema":{"@context":"https:\/\/schema.org","@graph":[{"@type":"WebPage","@id":"https:\/\/www.capnot.fr\/audit-immobilier\/","url":"https:\/\/www.capnot.fr\/audit-immobilier\/","name":"Audit immobilier - CAPNOT","isPartOf":{"@id":"https:\/\/www.capnot.fr\/#website"},"datePublished":"2020-01-16T20:44:56+00:00","dateModified":"2020-11-18T11:11:03+00:00","description":"Les membres de CAPNOT ont \u00e9labor\u00e9 un logiciel commun d\u2019audit immobilier leur permettant de r\u00e9pondre en conjuguant rigueur, qualit\u00e9 et efficacit\u00e9.","breadcrumb":{"@id":"https:\/\/www.capnot.fr\/audit-immobilier\/#breadcrumb"},"inLanguage":"en-US","potentialAction":[{"@type":"ReadAction","target":["https:\/\/www.capnot.fr\/audit-immobilier\/"]}]},{"@type":"BreadcrumbList","@id":"https:\/\/www.capnot.fr\/audit-immobilier\/#breadcrumb","itemListElement":[{"@type":"ListItem","position":1,"name":"Home","item":"https:\/\/www.capnot.fr\/"},{"@type":"ListItem","position":2,"name":"Audit immobilier"}]},{"@type":"WebSite","@id":"https:\/\/www.capnot.fr\/#website","url":"https:\/\/www.capnot.fr\/","name":"CAPNOT","description":"CAPNOT, l&#039;Expertise Notariale","potentialAction":[{"@type":"SearchAction","target":{"@type":"EntryPoint","urlTemplate":"https:\/\/www.capnot.fr\/?s={search_term_string}"},"query-input":{"@type":"PropertyValueSpecification","valueRequired":true,"valueName":"search_term_string"}}],"inLanguage":"en-US"}]}},"_links":{"self":[{"href":"https:\/\/www.capnot.fr\/en\/wp-json\/wp\/v2\/pages\/69","targetHints":{"allow":["GET"]}}],"collection":[{"href":"https:\/\/www.capnot.fr\/en\/wp-json\/wp\/v2\/pages"}],"about":[{"href":"https:\/\/www.capnot.fr\/en\/wp-json\/wp\/v2\/types\/page"}],"author":[{"embeddable":true,"href":"https:\/\/www.capnot.fr\/en\/wp-json\/wp\/v2\/users\/2"}],"replies":[{"embeddable":true,"href":"https:\/\/www.capnot.fr\/en\/wp-json\/wp\/v2\/comments?post=69"}],"version-history":[{"count":0,"href":"https:\/\/www.capnot.fr\/en\/wp-json\/wp\/v2\/pages\/69\/revisions"}],"wp:attachment":[{"href":"https:\/\/www.capnot.fr\/en\/wp-json\/wp\/v2\/media?parent=69"}],"curies":[{"name":"wp","href":"https:\/\/api.w.org\/{rel}","templated":true}]}}